{"id":1514,"date":"2024-05-22T16:47:58","date_gmt":"2024-05-22T16:47:58","guid":{"rendered":"https:\/\/grupovivoinversiones.com\/?post_type=product&#038;p=1514"},"modified":"2026-01-27T04:17:20","modified_gmt":"2026-01-27T04:17:20","slug":"aumenta-tu-seguridad-con-nuestra-camara-ip-wifi-de-ultima-generacion","status":"publish","type":"product","link":"https:\/\/grupovivoinversiones.com\/index.php\/producto\/aumenta-tu-seguridad-con-nuestra-camara-ip-wifi-de-ultima-generacion\/","title":{"rendered":"\u00a1Aumenta tu Seguridad con Nuestra C\u00e1mara IP WiFi de \u00daltima Generaci\u00f3n!"},"content":{"rendered":"<p>[et_pb_section fb_built=\u00bb1&#8243; _builder_version=\u00bb4.16&#8243; custom_padding=\u00bb0px||||false|false\u00bb global_colors_info=\u00bb{}\u00bb][et_pb_row _builder_version=\u00bb4.16&#8243; background_size=\u00bbinitial\u00bb background_position=\u00bbtop_left\u00bb background_repeat=\u00bbrepeat\u00bb width=\u00bb100%\u00bb custom_padding=\u00bb0px||0px||false|false\u00bb global_colors_info=\u00bb{}\u00bb][et_pb_column type=\u00bb4_4&#8243; _builder_version=\u00bb4.16&#8243; custom_padding=\u00bb|||\u00bb global_colors_info=\u00bb{}\u00bb custom_padding__hover=\u00bb|||\u00bb][et_pb_wc_breadcrumb _builder_version=\u00bb4.16&#8243; global_colors_info=\u00bb{}\u00bb][\/et_pb_wc_breadcrumb][et_pb_wc_cart_notice _builder_version=\u00bb4.16&#8243; global_colors_info=\u00bb{}\u00bb][\/et_pb_wc_cart_notice][\/et_pb_column][\/et_pb_row][et_pb_row column_structure=\u00bb1_2,1_2&#8243; _builder_version=\u00bb4.16&#8243; background_size=\u00bbinitial\u00bb background_position=\u00bbtop_left\u00bb background_repeat=\u00bbrepeat\u00bb width=\u00bb100%\u00bb custom_padding=\u00bb0px||||false|false\u00bb global_colors_info=\u00bb{}\u00bb][et_pb_column type=\u00bb1_2&#8243; _builder_version=\u00bb4.16&#8243; custom_padding=\u00bb|||\u00bb global_colors_info=\u00bb{}\u00bb custom_padding__hover=\u00bb|||\u00bb][et_pb_wc_images _builder_version=\u00bb4.16&#8243; global_colors_info=\u00bb{}\u00bb][\/et_pb_wc_images][\/et_pb_column][et_pb_column type=\u00bb1_2&#8243; _builder_version=\u00bb4.16&#8243; custom_padding=\u00bb|||\u00bb global_colors_info=\u00bb{}\u00bb custom_padding__hover=\u00bb|||\u00bb][et_pb_wc_title _builder_version=\u00bb4.16&#8243; global_colors_info=\u00bb{}\u00bb][\/et_pb_wc_title][et_pb_wc_rating _builder_version=\u00bb4.16&#8243; global_colors_info=\u00bb{}\u00bb][\/et_pb_wc_rating][et_pb_wc_price _builder_version=\u00bb4.16&#8243; global_colors_info=\u00bb{}\u00bb][\/et_pb_wc_price][et_pb_wc_description _builder_version=\u00bb4.16&#8243; global_colors_info=\u00bb{}\u00bb][\/et_pb_wc_description][et_pb_wc_add_to_cart _builder_version=\u00bb4.16&#8243; global_colors_info=\u00bb{}\u00bb][\/et_pb_wc_add_to_cart][et_pb_wc_meta _builder_version=\u00bb4.16&#8243; global_colors_info=\u00bb{}\u00bb][\/et_pb_wc_meta][\/et_pb_column][\/et_pb_row][et_pb_row _builder_version=\u00bb4.16&#8243; background_size=\u00bbinitial\u00bb background_position=\u00bbtop_left\u00bb background_repeat=\u00bbrepeat\u00bb width=\u00bb100%\u00bb global_colors_info=\u00bb{}\u00bb][et_pb_column type=\u00bb4_4&#8243; _builder_version=\u00bb4.16&#8243; custom_padding=\u00bb|||\u00bb global_colors_info=\u00bb{}\u00bb custom_padding__hover=\u00bb|||\u00bb][et_pb_wc_tabs _builder_version=\u00bb4.16&#8243; global_colors_info=\u00bb{}\u00bb]\t\t\t\t\t[\/et_pb_wc_tabs][et_pb_wc_upsells _builder_version=\u00bb4.16&#8243; global_colors_info=\u00bb{}\u00bb][\/et_pb_wc_upsells][et_pb_wc_related_products _builder_version=\u00bb4.16&#8243; global_colors_info=\u00bb{}\u00bb][\/et_pb_wc_related_products][\/et_pb_column][\/et_pb_row][\/et_pb_section][et_pb_section fb_built=\u00bb1&#8243; _builder_version=\u00bb4.23&#8243; _module_preset=\u00bbdefault\u00bb global_colors_info=\u00bb{}\u00bb][et_pb_row _builder_version=\u00bb4.23&#8243; _module_preset=\u00bbdefault\u00bb global_colors_info=\u00bb{}\u00bb][et_pb_column type=\u00bb4_4&#8243; _builder_version=\u00bb4.23&#8243; _module_preset=\u00bbdefault\u00bb global_colors_info=\u00bb{}\u00bb][et_pb_image src=\u00bbhttp:\/\/grupovivoinversiones.com\/wp-content\/uploads\/2024\/05\/Captura-de-pantalla-2024-05-22-a-las-12.01.59\u202fp.-m.png\u00bb _builder_version=\u00bb4.23&#8243; _module_preset=\u00bbdefault\u00bb global_colors_info=\u00bb{}\u00bb][\/et_pb_image][\/et_pb_column][\/et_pb_row][\/et_pb_section][et_pb_section fb_built=\u00bb1&#8243; _builder_version=\u00bb4.23&#8243; _module_preset=\u00bbdefault\u00bb global_colors_info=\u00bb{}\u00bb][et_pb_row _builder_version=\u00bb4.23&#8243; _module_preset=\u00bbdefault\u00bb global_colors_info=\u00bb{}\u00bb][et_pb_column type=\u00bb4_4&#8243; _builder_version=\u00bb4.23&#8243; _module_preset=\u00bbdefault\u00bb global_colors_info=\u00bb{}\u00bb][et_pb_image src=\u00bbhttp:\/\/grupovivoinversiones.com\/wp-content\/uploads\/2024\/05\/Captura-de-pantalla-2024-05-22-a-las-12.01.59\u202fp.-m-1.png\u00bb _builder_version=\u00bb4.23&#8243; _module_preset=\u00bbdefault\u00bb global_colors_info=\u00bb{}\u00bb][\/et_pb_image][\/et_pb_column][\/et_pb_row][\/et_pb_section]<\/p>\n","protected":false},"excerpt":{"rendered":"<p><strong>\u00bfPreocupado por la seguridad de tu hogar o negocio? Nuestra C\u00e1mara IP WiFi es la soluci\u00f3n perfecta para mantener todo bajo control, est\u00e9s donde est\u00e9s.<\/strong><\/p>\n","protected":false},"featured_media":0,"comment_status":"open","ping_status":"closed","template":"","meta":{"_acf_changed":false,"_et_pb_use_builder":"on","_et_pb_old_content":"<img class=\"size-medium wp-image-1519 aligncenter\" src=\"http:\/\/grupovivoinversiones.com\/wp-content\/uploads\/2024\/05\/Captura-de-pantalla-2024-05-22-a-las-12.01.59\u202fp.-m-2-300x300.png\" alt=\"\" width=\"300\" height=\"300\" \/>\r\n<ol>\r\n \t<li><strong>Caracter\u00edsticas Principales:<\/strong>\r\n<ul>\r\n \t<li><strong>Conectividad WiFi:<\/strong> Accede a las im\u00e1genes en tiempo real desde cualquier lugar.<\/li>\r\n \t<li><strong>Alta Resoluci\u00f3n:<\/strong> Video HD\/4K para una claridad excepcional.<\/li>\r\n \t<li><strong>Visi\u00f3n Nocturna:<\/strong> Seguridad las 24 horas del d\u00eda.<\/li>\r\n \t<li><strong>Detecci\u00f3n de Movimiento:<\/strong> Alertas instant\u00e1neas en tu dispositivo m\u00f3vil.<\/li>\r\n \t<li><strong>Audio Bidireccional:<\/strong> Comun\u00edcate a trav\u00e9s de la c\u00e1mara.<\/li>\r\n \t<li><strong>F\u00e1cil Instalaci\u00f3n:<\/strong> Configuraci\u00f3n r\u00e1pida y sencilla.<\/li>\r\n<\/ul>\r\n<\/li>\r\n \t<li><strong>Beneficios:<\/strong>\r\n<ul>\r\n \t<li><strong>Monitoreo en Tiempo Real:<\/strong> Supervisa tu propiedad desde tu smartphone, tablet o computadora.<\/li>\r\n \t<li><strong>Seguridad Total:<\/strong> Detecci\u00f3n de movimiento y visi\u00f3n nocturna para una vigilancia continua.<\/li>\r\n \t<li><strong>Acceso Remoto:<\/strong> Mantente conectado y en control, sin importar d\u00f3nde te encuentres.<\/li>\r\n \t<li><strong>Tranquilidad:<\/strong> Recibe alertas instant\u00e1neas en caso de cualquier actividad sospechosa.<\/li>\r\n<\/ul>\r\n<\/li>\r\n \t<li><strong>Problemas que Soluciona:<\/strong>\r\n<ul>\r\n \t<li><strong>Prevenci\u00f3n de Robos:<\/strong> Disuade a los intrusos con una c\u00e1mara visible.<\/li>\r\n \t<li><strong>Supervisi\u00f3n Remota:<\/strong> Ideal para viajar o cuando no puedes estar en casa.<\/li>\r\n \t<li><strong>Evidencia Visual:<\/strong> Grabaciones de alta calidad para revisar cualquier incidente.<\/li>\r\n<\/ul>\r\n<\/li>\r\n<\/ol>","_et_gb_content_width":""},"product_brand":[],"product_cat":[16],"product_tag":[],"class_list":{"0":"post-1514","1":"product","2":"type-product","3":"status-publish","5":"product_cat-sin-categorizar","7":"first","8":"instock","9":"sale","10":"shipping-taxable","11":"purchasable","12":"product-type-simple"},"acf":[],"jetpack_sharing_enabled":true,"_links":{"self":[{"href":"https:\/\/grupovivoinversiones.com\/index.php\/wp-json\/wp\/v2\/product\/1514","targetHints":{"allow":["GET"]}}],"collection":[{"href":"https:\/\/grupovivoinversiones.com\/index.php\/wp-json\/wp\/v2\/product"}],"about":[{"href":"https:\/\/grupovivoinversiones.com\/index.php\/wp-json\/wp\/v2\/types\/product"}],"replies":[{"embeddable":true,"href":"https:\/\/grupovivoinversiones.com\/index.php\/wp-json\/wp\/v2\/comments?post=1514"}],"wp:attachment":[{"href":"https:\/\/grupovivoinversiones.com\/index.php\/wp-json\/wp\/v2\/media?parent=1514"}],"wp:term":[{"taxonomy":"product_brand","embeddable":true,"href":"https:\/\/grupovivoinversiones.com\/index.php\/wp-json\/wp\/v2\/product_brand?post=1514"},{"taxonomy":"product_cat","embeddable":true,"href":"https:\/\/grupovivoinversiones.com\/index.php\/wp-json\/wp\/v2\/product_cat?post=1514"},{"taxonomy":"product_tag","embeddable":true,"href":"https:\/\/grupovivoinversiones.com\/index.php\/wp-json\/wp\/v2\/product_tag?post=1514"}],"curies":[{"name":"wp","href":"https:\/\/api.w.org\/{rel}","templated":true}]}}